{"id":7,"date":"2017-10-16T10:43:30","date_gmt":"2017-10-16T08:43:30","guid":{"rendered":"http:\/\/digitalborax.org\/?page_id=7"},"modified":"2026-03-31T15:22:17","modified_gmt":"2026-03-31T13:22:17","slug":"accueil","status":"publish","type":"page","link":"https:\/\/www.deniscartet.com\/","title":{"rendered":"Accueil"},"content":{"rendered":"<h6 style=\"text-align: center;\"><\/h6>\n<h6><img loading=\"lazy\" decoding=\"async\" class=\"alignnone wp-image-422 aligncenter\" src=\"http:\/\/digitalborax.org\/wp-content\/uploads\/2022\/10\/Denis-peloche.jpg\" alt=\"\" width=\"757\" height=\"678\" srcset=\"https:\/\/www.deniscartet.com\/wp-content\/uploads\/2022\/10\/Denis-peloche.jpg 2478w, https:\/\/www.deniscartet.com\/wp-content\/uploads\/2022\/10\/Denis-peloche-300x268.jpg 300w, https:\/\/www.deniscartet.com\/wp-content\/uploads\/2022\/10\/Denis-peloche-768x687.jpg 768w, https:\/\/www.deniscartet.com\/wp-content\/uploads\/2022\/10\/Denis-peloche-1024x916.jpg 1024w, https:\/\/www.deniscartet.com\/wp-content\/uploads\/2022\/10\/Denis-peloche-600x537.jpg 600w, https:\/\/www.deniscartet.com\/wp-content\/uploads\/2022\/10\/Denis-peloche-940x841.jpg 940w\" sizes=\"auto, (max-width: 757px) 100vw, 757px\" \/><\/h6>\n<p><iframe loading=\"lazy\" title=\"Dj vid\u00e9o set - LA BULLE\" src=\"https:\/\/player.vimeo.com\/video\/223282879?dnt=1&amp;app_id=122963\" width=\"940\" height=\"529\" frameborder=\"0\" allow=\"autoplay; fullscreen; picture-in-picture; clipboard-write; encrypted-media; web-share\" referrerpolicy=\"strict-origin-when-cross-origin\"><\/iframe><\/p>\n<h6>Denis Cartet\u00a0mixe des <strong>clips vid\u00e9o<\/strong>, des extraits de <strong>com\u00e9dies musicales<\/strong>, des archives qu&#8217;il projette sur une\u00a0<strong>bulle\u00a0g\u00e9ante<\/strong>. De l&#8217;inde \u00e0 l&#8217;orient, du Br\u00e9sil \u00e0 la Roumanie, de San Francisco \u00e0 Moscou, Denis nous invite \u00e0 un voyage musical. Une s\u00e9lection de vid\u00e9os, compos\u00e9es de \u00ab remont\u00e9es dans le temps \u00bb, d\u2019<strong>archives \u00e9mouvantes<\/strong>, rares, magnifiques. Ces moments choisis de notre m\u00e9moire collective nous appellent, avec d\u00e9lice, \u00e0 la danse et \u00e0 la f\u00eate.<\/h6>\n<h6><em>Denis Cartet mixes video clips, extracts from musicals, video archives and projects them on a giant inflated bubble. From India to Orient lands, from Brazil to Romania, from San Francisco to Moscow, Denis invites us to a musical journey. This selection of videos, taking us back to old times, are rare and beautiful. Those chosen moments of our shared memory invite us to join the party and dance.\u00a0<\/em><\/h6>\n<h6><img loading=\"lazy\" decoding=\"async\" class=\"alignnone size-full wp-image-143\" src=\"http:\/\/digitalborax.org\/wp-content\/uploads\/2017\/11\/Babel-2017-Gabin.jpg\" alt=\"\" width=\"1380\" height=\"892\" srcset=\"https:\/\/www.deniscartet.com\/wp-content\/uploads\/2017\/11\/Babel-2017-Gabin.jpg 1380w, https:\/\/www.deniscartet.com\/wp-content\/uploads\/2017\/11\/Babel-2017-Gabin-300x194.jpg 300w, https:\/\/www.deniscartet.com\/wp-content\/uploads\/2017\/11\/Babel-2017-Gabin-768x496.jpg 768w, https:\/\/www.deniscartet.com\/wp-content\/uploads\/2017\/11\/Babel-2017-Gabin-1024x662.jpg 1024w, https:\/\/www.deniscartet.com\/wp-content\/uploads\/2017\/11\/Babel-2017-Gabin-600x388.jpg 600w, https:\/\/www.deniscartet.com\/wp-content\/uploads\/2017\/11\/Babel-2017-Gabin-940x608.jpg 940w\" sizes=\"auto, (max-width: 1380px) 100vw, 1380px\" \/> <img loading=\"lazy\" decoding=\"async\" class=\"alignnone size-full wp-image-144\" src=\"http:\/\/digitalborax.org\/wp-content\/uploads\/2017\/11\/Babel-2017-Indy-01.jpg\" alt=\"\" width=\"2259\" height=\"1278\" srcset=\"https:\/\/www.deniscartet.com\/wp-content\/uploads\/2017\/11\/Babel-2017-Indy-01.jpg 2259w, https:\/\/www.deniscartet.com\/wp-content\/uploads\/2017\/11\/Babel-2017-Indy-01-300x170.jpg 300w, https:\/\/www.deniscartet.com\/wp-content\/uploads\/2017\/11\/Babel-2017-Indy-01-768x434.jpg 768w, https:\/\/www.deniscartet.com\/wp-content\/uploads\/2017\/11\/Babel-2017-Indy-01-1024x579.jpg 1024w, https:\/\/www.deniscartet.com\/wp-content\/uploads\/2017\/11\/Babel-2017-Indy-01-600x339.jpg 600w, https:\/\/www.deniscartet.com\/wp-content\/uploads\/2017\/11\/Babel-2017-Indy-01-940x532.jpg 940w\" sizes=\"auto, (max-width: 2259px) 100vw, 2259px\" \/> <img loading=\"lazy\" decoding=\"async\" class=\"alignnone size-full wp-image-145\" src=\"http:\/\/digitalborax.org\/wp-content\/uploads\/2017\/11\/Babel-2017-Indy-02.jpg\" alt=\"\" width=\"2239\" height=\"1207\" srcset=\"https:\/\/www.deniscartet.com\/wp-content\/uploads\/2017\/11\/Babel-2017-Indy-02.jpg 2239w, https:\/\/www.deniscartet.com\/wp-content\/uploads\/2017\/11\/Babel-2017-Indy-02-300x162.jpg 300w, https:\/\/www.deniscartet.com\/wp-content\/uploads\/2017\/11\/Babel-2017-Indy-02-768x414.jpg 768w, https:\/\/www.deniscartet.com\/wp-content\/uploads\/2017\/11\/Babel-2017-Indy-02-1024x552.jpg 1024w, https:\/\/www.deniscartet.com\/wp-content\/uploads\/2017\/11\/Babel-2017-Indy-02-600x323.jpg 600w, https:\/\/www.deniscartet.com\/wp-content\/uploads\/2017\/11\/Babel-2017-Indy-02-940x507.jpg 940w\" sizes=\"auto, (max-width: 2239px) 100vw, 2239px\" \/> <img loading=\"lazy\" decoding=\"async\" class=\"alignnone size-full wp-image-146\" src=\"http:\/\/digitalborax.org\/wp-content\/uploads\/2017\/11\/Babel-2017-Marilyne.jpg\" alt=\"\" width=\"1689\" height=\"1084\" srcset=\"https:\/\/www.deniscartet.com\/wp-content\/uploads\/2017\/11\/Babel-2017-Marilyne.jpg 1689w, https:\/\/www.deniscartet.com\/wp-content\/uploads\/2017\/11\/Babel-2017-Marilyne-300x193.jpg 300w, https:\/\/www.deniscartet.com\/wp-content\/uploads\/2017\/11\/Babel-2017-Marilyne-768x493.jpg 768w, https:\/\/www.deniscartet.com\/wp-content\/uploads\/2017\/11\/Babel-2017-Marilyne-1024x657.jpg 1024w, https:\/\/www.deniscartet.com\/wp-content\/uploads\/2017\/11\/Babel-2017-Marilyne-600x385.jpg 600w, https:\/\/www.deniscartet.com\/wp-content\/uploads\/2017\/11\/Babel-2017-Marilyne-940x603.jpg 940w\" sizes=\"auto, (max-width: 1689px) 100vw, 1689px\" \/> <img loading=\"lazy\" decoding=\"async\" class=\"alignnone size-full wp-image-147\" src=\"http:\/\/digitalborax.org\/wp-content\/uploads\/2017\/11\/Babel-2017-Ray-Charles.jpg\" alt=\"\" width=\"3068\" height=\"1709\" srcset=\"https:\/\/www.deniscartet.com\/wp-content\/uploads\/2017\/11\/Babel-2017-Ray-Charles.jpg 3068w, https:\/\/www.deniscartet.com\/wp-content\/uploads\/2017\/11\/Babel-2017-Ray-Charles-300x167.jpg 300w, https:\/\/www.deniscartet.com\/wp-content\/uploads\/2017\/11\/Babel-2017-Ray-Charles-768x428.jpg 768w, https:\/\/www.deniscartet.com\/wp-content\/uploads\/2017\/11\/Babel-2017-Ray-Charles-1024x570.jpg 1024w, https:\/\/www.deniscartet.com\/wp-content\/uploads\/2017\/11\/Babel-2017-Ray-Charles-600x334.jpg 600w, https:\/\/www.deniscartet.com\/wp-content\/uploads\/2017\/11\/Babel-2017-Ray-Charles-940x524.jpg 940w\" sizes=\"auto, (max-width: 3068px) 100vw, 3068px\" \/> <img loading=\"lazy\" decoding=\"async\" class=\"alignnone size-full wp-image-141\" src=\"http:\/\/digitalborax.org\/wp-content\/uploads\/2017\/11\/Babel-2017-Danse-01.jpg\" alt=\"\" width=\"2744\" height=\"1699\" srcset=\"https:\/\/www.deniscartet.com\/wp-content\/uploads\/2017\/11\/Babel-2017-Danse-01.jpg 2744w, https:\/\/www.deniscartet.com\/wp-content\/uploads\/2017\/11\/Babel-2017-Danse-01-300x186.jpg 300w, https:\/\/www.deniscartet.com\/wp-content\/uploads\/2017\/11\/Babel-2017-Danse-01-768x476.jpg 768w, https:\/\/www.deniscartet.com\/wp-content\/uploads\/2017\/11\/Babel-2017-Danse-01-1024x634.jpg 1024w, https:\/\/www.deniscartet.com\/wp-content\/uploads\/2017\/11\/Babel-2017-Danse-01-600x372.jpg 600w, https:\/\/www.deniscartet.com\/wp-content\/uploads\/2017\/11\/Babel-2017-Danse-01-940x582.jpg 940w\" sizes=\"auto, (max-width: 2744px) 100vw, 2744px\" \/> <img loading=\"lazy\" decoding=\"async\" class=\"alignnone size-full wp-image-140\" src=\"http:\/\/digitalborax.org\/wp-content\/uploads\/2017\/11\/Babel-2017-Anthony-Queen.jpg\" alt=\"\" width=\"3107\" height=\"1722\" srcset=\"https:\/\/www.deniscartet.com\/wp-content\/uploads\/2017\/11\/Babel-2017-Anthony-Queen.jpg 3107w, https:\/\/www.deniscartet.com\/wp-content\/uploads\/2017\/11\/Babel-2017-Anthony-Queen-300x166.jpg 300w, https:\/\/www.deniscartet.com\/wp-content\/uploads\/2017\/11\/Babel-2017-Anthony-Queen-768x426.jpg 768w, https:\/\/www.deniscartet.com\/wp-content\/uploads\/2017\/11\/Babel-2017-Anthony-Queen-1024x568.jpg 1024w, https:\/\/www.deniscartet.com\/wp-content\/uploads\/2017\/11\/Babel-2017-Anthony-Queen-600x333.jpg 600w, https:\/\/www.deniscartet.com\/wp-content\/uploads\/2017\/11\/Babel-2017-Anthony-Queen-940x521.jpg 940w\" sizes=\"auto, (max-width: 3107px) 100vw, 3107px\" \/> <img loading=\"lazy\" decoding=\"async\" class=\"alignnone size-full wp-image-142\" src=\"http:\/\/digitalborax.org\/wp-content\/uploads\/2017\/11\/Babel-2017-Foulebulle-01.jpg\" alt=\"\" width=\"3061\" height=\"1722\" srcset=\"https:\/\/www.deniscartet.com\/wp-content\/uploads\/2017\/11\/Babel-2017-Foulebulle-01.jpg 3061w, https:\/\/www.deniscartet.com\/wp-content\/uploads\/2017\/11\/Babel-2017-Foulebulle-01-300x169.jpg 300w, https:\/\/www.deniscartet.com\/wp-content\/uploads\/2017\/11\/Babel-2017-Foulebulle-01-768x432.jpg 768w, https:\/\/www.deniscartet.com\/wp-content\/uploads\/2017\/11\/Babel-2017-Foulebulle-01-1024x576.jpg 1024w, https:\/\/www.deniscartet.com\/wp-content\/uploads\/2017\/11\/Babel-2017-Foulebulle-01-600x338.jpg 600w, https:\/\/www.deniscartet.com\/wp-content\/uploads\/2017\/11\/Babel-2017-Foulebulle-01-940x529.jpg 940w\" sizes=\"auto, (max-width: 3061px) 100vw, 3061px\" \/><\/h6>\n<h6><\/h6>\n<h6><\/h6>\n","protected":false},"excerpt":{"rendered":"<p>Denis Cartet\u00a0mixe des clips vid\u00e9o, des extraits de com\u00e9dies musicales, des archives qu&#8217;il projette sur une\u00a0bulle\u00a0g\u00e9ante. De l&#8217;inde \u00e0 l&#8217;orient, du Br\u00e9sil \u00e0 la Roumanie, de San Francisco \u00e0 Moscou,\u2026 <span class=\"read-btn\"><a class=\"read-more\" href=\"https:\/\/www.deniscartet.com\/\">Read More &rarr;<\/a><\/span><\/p>\n","protected":false},"author":1,"featured_media":0,"parent":11,"menu_order":0,"comment_status":"closed","ping_status":"closed","template":"","meta":{"footnotes":""},"class_list":["post-7","page","type-page","status-publish","hentry"],"_links":{"self":[{"href":"https:\/\/www.deniscartet.com\/index.php\/wp-json\/wp\/v2\/pages\/7","targetHints":{"allow":["GET"]}}],"collection":[{"href":"https:\/\/www.deniscartet.com\/index.php\/wp-json\/wp\/v2\/pages"}],"about":[{"href":"https:\/\/www.deniscartet.com\/index.php\/wp-json\/wp\/v2\/types\/page"}],"author":[{"embeddable":true,"href":"https:\/\/www.deniscartet.com\/index.php\/wp-json\/wp\/v2\/users\/1"}],"replies":[{"embeddable":true,"href":"https:\/\/www.deniscartet.com\/index.php\/wp-json\/wp\/v2\/comments?post=7"}],"version-history":[{"count":20,"href":"https:\/\/www.deniscartet.com\/index.php\/wp-json\/wp\/v2\/pages\/7\/revisions"}],"predecessor-version":[{"id":640,"href":"https:\/\/www.deniscartet.com\/index.php\/wp-json\/wp\/v2\/pages\/7\/revisions\/640"}],"up":[{"embeddable":true,"href":"https:\/\/www.deniscartet.com\/index.php\/wp-json\/wp\/v2\/pages\/11"}],"wp:attachment":[{"href":"https:\/\/www.deniscartet.com\/index.php\/wp-json\/wp\/v2\/media?parent=7"}],"curies":[{"name":"wp","href":"https:\/\/api.w.org\/{rel}","templated":true}]}}